{"id":107,"date":"2016-10-12T09:40:14","date_gmt":"2016-10-12T07:40:14","guid":{"rendered":"http:\/\/www.psycho-praxis.com\/cms\/?page_id=107"},"modified":"2016-10-12T09:40:14","modified_gmt":"2016-10-12T07:40:14","slug":"therapie-bei-aengsten","status":"publish","type":"page","link":"http:\/\/www.psycho-praxis.com\/cms\/?page_id=107","title":{"rendered":"Therapie bei \u00c4ngsten"},"content":{"rendered":"<h1>L\u00f6sungsorientierte Psychotherapie bei \u00c4ngsten und Zw\u00e4ngen<\/h1>\n<h2>Zusammenfassung<\/h2>\n<p>Dieser Artikel beschreibt die M\u00f6glichkeiten der systemischen Therapie auch bei scheinbar sehr schwierige Probleme wie z.b. Zwangsst\u00f6rungen, Angst- und Panikattacken, in relativ kurzer Zeit mit Erfolg zu behandeln. Strategische Konzepte, Aufgaben an Klienten und die Suche, Muster unterbrechen zu k\u00f6nnen, eingebettet im systemischen Therapiekontext und sinnvoll eingesetzt, erweisen sich f\u00fcr Klienten hilfreich ihr eigenes Verhalten zu reflektieren, zu ver\u00e4ndern und ihre Ziele zu erreichen.<\/p>\n<h2>Schl\u00fcsselw\u00f6rter<\/h2>\n<p>Strategische Kurztherapie, therapeutische Arbeit mit Musterunterbrechung und Handlungsaufgaben<\/p>\n<h2>Summary<\/h2>\n<p>In this article you will find a discription of utilisation of the systemic approach with clients suffering from compulsion symptoms and fear- and panic-attacks. Strategic concepts, tasks and pattern interruption understood in a systemic context will help clients to solve their problems, to do what works for them and to reach their goals and\/or fullfilling the tasks.<\/p>\n<h2>Keywords<\/h2>\n<p>Strategic brieftherapy, systemic therapy with pattern interruption and tasks- orientation.<\/p>\n","protected":false},"excerpt":{"rendered":"<p>L\u00f6sungsorientierte Psychotherapie bei \u00c4ngsten und Zw\u00e4ngen Zusammenfassung Dieser Artikel beschreibt die M\u00f6glichkeiten der systemischen Therapie auch bei scheinbar sehr schwierige Probleme wie z.b. Zwangsst\u00f6rungen, Angst- und Panikattacken, in relativ kurzer Zeit mit Erfolg zu behandeln. Strategische Konzepte, Aufgaben an Klienten und die Suche, Muster unterbrechen zu k\u00f6nnen, eingebettet im systemischen \u2026<\/p>\n<p class=\"continue-reading-button\"> <a class=\"continue-reading-link\" href=\"http:\/\/www.psycho-praxis.com\/cms\/?page_id=107\">Continue reading<i class=\"crycon-right-dir\"><\/i><\/a><\/p>\n","protected":false},"author":1,"featured_media":0,"parent":77,"menu_order":0,"comment_status":"closed","ping_status":"closed","template":"","meta":{"footnotes":""},"class_list":["post-107","page","type-page","status-publish","hentry"],"_links":{"self":[{"href":"http:\/\/www.psycho-praxis.com\/cms\/index.php?rest_route=\/wp\/v2\/pages\/107","targetHints":{"allow":["GET"]}}],"collection":[{"href":"http:\/\/www.psycho-praxis.com\/cms\/index.php?rest_route=\/wp\/v2\/pages"}],"about":[{"href":"http:\/\/www.psycho-praxis.com\/cms\/index.php?rest_route=\/wp\/v2\/types\/page"}],"author":[{"embeddable":true,"href":"http:\/\/www.psycho-praxis.com\/cms\/index.php?rest_route=\/wp\/v2\/users\/1"}],"replies":[{"embeddable":true,"href":"http:\/\/www.psycho-praxis.com\/cms\/index.php?rest_route=%2Fwp%2Fv2%2Fcomments&post=107"}],"version-history":[{"count":1,"href":"http:\/\/www.psycho-praxis.com\/cms\/index.php?rest_route=\/wp\/v2\/pages\/107\/revisions"}],"predecessor-version":[{"id":108,"href":"http:\/\/www.psycho-praxis.com\/cms\/index.php?rest_route=\/wp\/v2\/pages\/107\/revisions\/108"}],"up":[{"embeddable":true,"href":"http:\/\/www.psycho-praxis.com\/cms\/index.php?rest_route=\/wp\/v2\/pages\/77"}],"wp:attachment":[{"href":"http:\/\/www.psycho-praxis.com\/cms\/index.php?rest_route=%2Fwp%2Fv2%2Fmedia&parent=107"}],"curies":[{"name":"wp","href":"https:\/\/api.w.org\/{rel}","templated":true}]}}