{"id":109,"date":"2016-10-12T09:42:17","date_gmt":"2016-10-12T07:42:17","guid":{"rendered":"http:\/\/www.psycho-praxis.com\/cms\/?page_id=109"},"modified":"2016-10-12T09:42:17","modified_gmt":"2016-10-12T07:42:17","slug":"therapie-bei-bettnaessern","status":"publish","type":"page","link":"http:\/\/www.psycho-praxis.com\/cms\/?page_id=109","title":{"rendered":"Therapie bei Bettn\u00e4ssern"},"content":{"rendered":"<h1>L\u00f6sungsorientierte systemische Kurztherapie bei Bettn\u00e4ssen oder wie vertreibe ich ein Monster<\/h1>\n<h2>Zusammenfassung<\/h2>\n<p>Dieser Artikel beschreibt die M\u00f6glichkeiten der systemischen Therapie auch bei scheinbar sehr schwierige Probleme wie z.b. Zwangsst\u00f6rungen, Angst- und Panikattacken, in relativ kurzer Zeit mit Erfolg zu behandeln. Strategische Konzepte, Aufgaben an Klienten und die Suche, Muster unterbrechen zu k\u00f6nnen, eingebettet im systemischen Therapiekontext und sinnvoll eingesetzt, erweisen sich f\u00fcr Klienten hilfreich ihr eigenes Verhalten zu reflektieren, zu ver\u00e4ndern und ihre Ziele zu erreichen.<\/p>\n<h2>Schl\u00fcsselw\u00f6rter<\/h2>\n<p>Systemische, l\u00f6sungsorientierte Kurztherapie, Externalisierung von Problemen<\/p>\n<h2>Summary<\/h2>\n<p>We have developed a special form of systemic therapy for bedweting children by working predominantly with the child. Suffering and tensions within the family, when not openly discussed and dealt within the family, can be dissolved and overcome with the child in a playful way. Often the few sessions cause surprise.<\/p>\n<h2>Keywords<\/h2>\n<p>Systemic, solution-oriented brieftherapy. Externalising oft problems.<\/p>\n","protected":false},"excerpt":{"rendered":"<p>L\u00f6sungsorientierte systemische Kurztherapie bei Bettn\u00e4ssen oder wie vertreibe ich ein Monster Zusammenfassung Dieser Artikel beschreibt die M\u00f6glichkeiten der systemischen Therapie auch bei scheinbar sehr schwierige Probleme wie z.b. Zwangsst\u00f6rungen, Angst- und Panikattacken, in relativ kurzer Zeit mit Erfolg zu behandeln. Strategische Konzepte, Aufgaben an Klienten und die Suche, Muster unterbrechen \u2026<\/p>\n<p class=\"continue-reading-button\"> <a class=\"continue-reading-link\" href=\"http:\/\/www.psycho-praxis.com\/cms\/?page_id=109\">Continue reading<i class=\"crycon-right-dir\"><\/i><\/a><\/p>\n","protected":false},"author":1,"featured_media":0,"parent":77,"menu_order":0,"comment_status":"closed","ping_status":"closed","template":"","meta":{"footnotes":""},"class_list":["post-109","page","type-page","status-publish","hentry"],"_links":{"self":[{"href":"http:\/\/www.psycho-praxis.com\/cms\/index.php?rest_route=\/wp\/v2\/pages\/109","targetHints":{"allow":["GET"]}}],"collection":[{"href":"http:\/\/www.psycho-praxis.com\/cms\/index.php?rest_route=\/wp\/v2\/pages"}],"about":[{"href":"http:\/\/www.psycho-praxis.com\/cms\/index.php?rest_route=\/wp\/v2\/types\/page"}],"author":[{"embeddable":true,"href":"http:\/\/www.psycho-praxis.com\/cms\/index.php?rest_route=\/wp\/v2\/users\/1"}],"replies":[{"embeddable":true,"href":"http:\/\/www.psycho-praxis.com\/cms\/index.php?rest_route=%2Fwp%2Fv2%2Fcomments&post=109"}],"version-history":[{"count":1,"href":"http:\/\/www.psycho-praxis.com\/cms\/index.php?rest_route=\/wp\/v2\/pages\/109\/revisions"}],"predecessor-version":[{"id":110,"href":"http:\/\/www.psycho-praxis.com\/cms\/index.php?rest_route=\/wp\/v2\/pages\/109\/revisions\/110"}],"up":[{"embeddable":true,"href":"http:\/\/www.psycho-praxis.com\/cms\/index.php?rest_route=\/wp\/v2\/pages\/77"}],"wp:attachment":[{"href":"http:\/\/www.psycho-praxis.com\/cms\/index.php?rest_route=%2Fwp%2Fv2%2Fmedia&parent=109"}],"curies":[{"name":"wp","href":"https:\/\/api.w.org\/{rel}","templated":true}]}}