{"id":139,"date":"2016-10-13T17:27:22","date_gmt":"2016-10-13T15:27:22","guid":{"rendered":"http:\/\/www.psycho-praxis.com\/cms\/?page_id=139"},"modified":"2016-11-12T22:31:48","modified_gmt":"2016-11-12T20:31:48","slug":"arbeitsweise","status":"publish","type":"page","link":"http:\/\/www.psycho-praxis.com\/cms\/?page_id=139","title":{"rendered":"Arbeitsweise"},"content":{"rendered":"<h1>Meine Arbeitsweise<\/h1>\n<p>Mit <strong>Kindern<\/strong> arbeite ich in Einzel- und Familientherapien zumeist l\u00f6sungsorientiert. Oftmals nach den Programmen von Ben Furman aus Finnland \u201eKids Skills\u201c<br \/>\nF\u00fcr <strong>Erwachsene<\/strong> biete in an:<\/p>\n<p>Systemische l\u00f6sungsorientierte Kurztherapie, systemische Supervision und Coaching &#8211; wie auch narrative Psychotherapie.<\/p>\n<p>Manchmal sind meine Psychotherapien strategisch angelegt &#8211; mit Verhaltens-, Haus- und Beobachtungs-aufgaben, um mit KlientInnen und deren Anliegen, unter Bezug auf deren Herkunfts- bzw. Gegenwartssystem, eine von ihnen angestrebte Ver\u00e4nderung zu erwirken.<\/p>\n<p>Bei Paar- und Familientherapien arbeite ich (wenn dies von den KlientInnen gew\u00fcnscht wird) mit einer Co-Therapeutin zusammen. Dies f\u00fchrt zumeist zu einer wirkungsvolleren und f\u00fcr beide Seiten zufriedenstellenden Therapie, da der Standpunkt beider Geschlechter (Mehrpersonenperspektive) effizienter vertreten werden kann. Die Therapiezeit wird zumeist verk\u00fcrzt.<br \/>\nUnter <a href=\"http:\/\/www.psycho-praxis.com\/cms\/?page_id=66\">Aktuelles<\/a> finden Sie meine Seminarangebote, die mit Pferden auch auf <a href=\"http:\/\/www.pferdecoaching.at\">www.pferdecoaching.at<\/a><\/p>\n","protected":false},"excerpt":{"rendered":"<p>Meine Arbeitsweise Mit Kindern arbeite ich in Einzel- und Familientherapien zumeist l\u00f6sungsorientiert. Oftmals nach den Programmen von Ben Furman aus Finnland \u201eKids Skills\u201c F\u00fcr Erwachsene biete in an: Systemische l\u00f6sungsorientierte Kurztherapie, systemische Supervision und Coaching &#8211; wie auch narrative Psychotherapie. Manchmal sind meine Psychotherapien strategisch angelegt &#8211; mit Verhaltens-, Haus- \u2026<\/p>\n<p class=\"continue-reading-button\"> <a class=\"continue-reading-link\" href=\"http:\/\/www.psycho-praxis.com\/cms\/?page_id=139\">Continue reading<i class=\"crycon-right-dir\"><\/i><\/a><\/p>\n","protected":false},"author":1,"featured_media":0,"parent":21,"menu_order":0,"comment_status":"closed","ping_status":"closed","template":"","meta":{"footnotes":""},"class_list":["post-139","page","type-page","status-publish","hentry"],"_links":{"self":[{"href":"http:\/\/www.psycho-praxis.com\/cms\/index.php?rest_route=\/wp\/v2\/pages\/139","targetHints":{"allow":["GET"]}}],"collection":[{"href":"http:\/\/www.psycho-praxis.com\/cms\/index.php?rest_route=\/wp\/v2\/pages"}],"about":[{"href":"http:\/\/www.psycho-praxis.com\/cms\/index.php?rest_route=\/wp\/v2\/types\/page"}],"author":[{"embeddable":true,"href":"http:\/\/www.psycho-praxis.com\/cms\/index.php?rest_route=\/wp\/v2\/users\/1"}],"replies":[{"embeddable":true,"href":"http:\/\/www.psycho-praxis.com\/cms\/index.php?rest_route=%2Fwp%2Fv2%2Fcomments&post=139"}],"version-history":[{"count":2,"href":"http:\/\/www.psycho-praxis.com\/cms\/index.php?rest_route=\/wp\/v2\/pages\/139\/revisions"}],"predecessor-version":[{"id":206,"href":"http:\/\/www.psycho-praxis.com\/cms\/index.php?rest_route=\/wp\/v2\/pages\/139\/revisions\/206"}],"up":[{"embeddable":true,"href":"http:\/\/www.psycho-praxis.com\/cms\/index.php?rest_route=\/wp\/v2\/pages\/21"}],"wp:attachment":[{"href":"http:\/\/www.psycho-praxis.com\/cms\/index.php?rest_route=%2Fwp%2Fv2%2Fmedia&parent=139"}],"curies":[{"name":"wp","href":"https:\/\/api.w.org\/{rel}","templated":true}]}}