{"id":141,"date":"2016-10-13T17:29:25","date_gmt":"2016-10-13T15:29:25","guid":{"rendered":"http:\/\/www.psycho-praxis.com\/cms\/?page_id=141"},"modified":"2016-10-13T17:35:05","modified_gmt":"2016-10-13T15:35:05","slug":"systemische-therapie","status":"publish","type":"page","link":"http:\/\/www.psycho-praxis.com\/cms\/?page_id=141","title":{"rendered":"Systemische Therapie"},"content":{"rendered":"<h1>Systemische Therapie<\/h1>\n<p><a href=\"http:\/\/www.oeas.at\">www.oeas.at<\/a><\/p>\n<p>Systemische Therapie versteht sich als eigenst\u00e4ndiges psychotherapeutisches Verfahren, und ist der Oberbegriff f\u00fcr eine Vielzahl von Ans\u00e4tzen und Modellen, die sich aus der Paar- und Familientherapien heraus entwickelt haben. Neben der zun\u00e4chst analytisch orientierten Familientherapie und sp\u00e4ter der entwicklungs-orientierten Richtung (Virginia Satir) traten die auf die Forschergruppe um Gregory Bateson zur\u00fcckgehenden systemischen Schulen in den Vordergrund. Mit dem Begriff \u201esystemisch\u201c weist die Familientherapie \u00fcber den Bezugsrahmen Familie hinaus und stellt Zusammenh\u00e4nge zur allgemeinen Systemtheorie her. Als Weiterentwicklung der Familientherapie stellt sie auch die einzeltherapeutische Arbeit in einen interaktionellen Kontext.<\/p>\n<p>Konzepte wie Zirkularit\u00e4t, Autonomie und Selbstorganisation von Systemen fordern zu einem Umdenken heraus. So steht der Annahme linearer Kausalit\u00e4t mit ihrer Forschung nach Ursachen in der systemischen Betrachtungsweise das Konzept der Zirkularit\u00e4t gegen\u00fcber. Danach kann in komplexen Prozessen keine Unterscheidung zwischen \u201eUrsache\u201c und \u201eWirkung\u201c getroffen werden. Die Frage nach dem \u201eWie\u201c wird wichtiger als nach dem \u201eWarum\u201c von Verhaltensweisen. Veranschaulichung und Ver\u00e4nderung von Kommunikationsstrukturen sind ein wesentliches Ziel systemorientierter Psychotherapie.<\/p>\n<p>Vor diesem Denkhintergrund werden Menschen als autonom betrachtet, die f\u00fcreinander in sozialen Interaktionen grunds\u00e4tzlich undurchschaubar bleiben. Sie werden als weder vollst\u00e4ndig erfassbar, noch beliebig ver\u00e4nderbar bzw. instruierbar verstanden.<\/p>\n","protected":false},"excerpt":{"rendered":"<p>Systemische Therapie www.oeas.at Systemische Therapie versteht sich als eigenst\u00e4ndiges psychotherapeutisches Verfahren, und ist der Oberbegriff f\u00fcr eine Vielzahl von Ans\u00e4tzen und Modellen, die sich aus der Paar- und Familientherapien heraus entwickelt haben. Neben der zun\u00e4chst analytisch orientierten Familientherapie und sp\u00e4ter der entwicklungs-orientierten Richtung (Virginia Satir) traten die auf die Forschergruppe \u2026<\/p>\n<p class=\"continue-reading-button\"> <a class=\"continue-reading-link\" href=\"http:\/\/www.psycho-praxis.com\/cms\/?page_id=141\">Continue reading<i class=\"crycon-right-dir\"><\/i><\/a><\/p>\n","protected":false},"author":1,"featured_media":0,"parent":21,"menu_order":0,"comment_status":"closed","ping_status":"closed","template":"","meta":{"footnotes":""},"class_list":["post-141","page","type-page","status-publish","hentry"],"_links":{"self":[{"href":"http:\/\/www.psycho-praxis.com\/cms\/index.php?rest_route=\/wp\/v2\/pages\/141","targetHints":{"allow":["GET"]}}],"collection":[{"href":"http:\/\/www.psycho-praxis.com\/cms\/index.php?rest_route=\/wp\/v2\/pages"}],"about":[{"href":"http:\/\/www.psycho-praxis.com\/cms\/index.php?rest_route=\/wp\/v2\/types\/page"}],"author":[{"embeddable":true,"href":"http:\/\/www.psycho-praxis.com\/cms\/index.php?rest_route=\/wp\/v2\/users\/1"}],"replies":[{"embeddable":true,"href":"http:\/\/www.psycho-praxis.com\/cms\/index.php?rest_route=%2Fwp%2Fv2%2Fcomments&post=141"}],"version-history":[{"count":1,"href":"http:\/\/www.psycho-praxis.com\/cms\/index.php?rest_route=\/wp\/v2\/pages\/141\/revisions"}],"predecessor-version":[{"id":143,"href":"http:\/\/www.psycho-praxis.com\/cms\/index.php?rest_route=\/wp\/v2\/pages\/141\/revisions\/143"}],"up":[{"embeddable":true,"href":"http:\/\/www.psycho-praxis.com\/cms\/index.php?rest_route=\/wp\/v2\/pages\/21"}],"wp:attachment":[{"href":"http:\/\/www.psycho-praxis.com\/cms\/index.php?rest_route=%2Fwp%2Fv2%2Fmedia&parent=141"}],"curies":[{"name":"wp","href":"https:\/\/api.w.org\/{rel}","templated":true}]}}