{"id":331,"date":"2021-03-16T10:44:59","date_gmt":"2021-03-16T09:44:59","guid":{"rendered":"http:\/\/www.psycho-praxis.com\/cms\/?page_id=331"},"modified":"2021-03-16T10:44:59","modified_gmt":"2021-03-16T09:44:59","slug":"datenschutzbestimmungen","status":"publish","type":"page","link":"http:\/\/www.psycho-praxis.com\/cms\/?page_id=331","title":{"rendered":"Datenschutzbestimmungen"},"content":{"rendered":"\n<p><strong>Automatische Datenspeicherung<\/strong><\/p>\n\n\n\n<p>\u200bWenn Sie heutzutage Webseiten besuchen, werden gewisse Informationen automatisch erstellt und gespeichert, so auch auf dieser Webseite.<\/p>\n\n\n\n<p>\u200bWenn Sie unsere Webseite so wie jetzt gerade besuchen, speichert unser Webserver (Computer auf dem diese Webseite gespeichert ist) automatisch Daten wie<\/p>\n\n\n\n<ul class=\"wp-block-list\"><li>die Adresse (URL) der aufgerufenen Webseite<\/li><li>Browser und Browserversion<\/li><li>das verwendete Betriebssystem<\/li><li>die Adresse (URL) der zuvor besuchten Seite (Referrer URL)<\/li><li>den Hostname und die IP-Adresse des Ger\u00e4ts von welchem aus zugegriffen wird<\/li><li>Datum und Uhrzeit<br>in Dateien (Webserver-Logfiles).<\/li><\/ul>\n\n\n\n<p>\u200bIn der Regel werden Webserver-Logfiles zwei Wochen gespeichert und danach automatisch gel\u00f6scht. Wir geben diese Daten nicht weiter, k\u00f6nnen jedoch nicht ausschlie\u00dfen, dass diese Daten beim Vorliegen von rechtswidrigem Verhalten eingesehen werden.<br>Die Rechtsgrundlage besteht nach\u00a0Artikel 6\u00a0 Absatz 1 f DSGVO\u00a0(Rechtm\u00e4\u00dfigkeit der Verarbeitung) darin, dass berechtigtes Interesse daran besteht, den fehlerfreien Betrieb dieser Webseite durch das Erfassen von Webserver-Logfiles zu erm\u00f6glichen.\u200b<\/p>\n\n\n\n<p><strong>\u200bCookies &amp; Google Analytics<\/strong><\/p>\n\n\n\n<p>\u200bUnsere Website verwendet Funktionen des Webanalysedienstes Google Analytics. Dazu werden Cookies verwendet, die eine Analyse der Benutzung der Website durch Ihre Benutzer erm\u00f6glicht. Die dadurch erzeugten Informationen werden auf den Server des Anbieters \u00fcbertragen und dort gespeichert.<\/p>\n\n\n\n<p>\u200bSie k\u00f6nnen dies verhindern, indem Sie Ihren Browser so einrichten, dass keine Cookies gespeichert werden<\/p>\n\n\n\n<p>Ihre IP-Adresse wird erfasst, aber umgehend pseudonymisiert. Dadurch ist nur mehr eine grobe Lokalisierung m\u00f6glich. Ein R\u00fcckschluss auf Sie ausgeschlossen. Die Beziehung zum Webanalyseanbieter basiert auf einem Angemessenheitsbeschluss der Europ\u00e4ischen Komission (\u201ePrivacy Shield\u201c).<\/p>\n\n\n\n<p>\u200bDie Datenverarbeitung erfolgt auf Basis der gesetzlichen Bestimmungen des \u00a7 96 Abs 3 TKG sowie des Art 6 Abs 1 lit a (Einwilligung) und\/oder f (berechtigtes Interesse) der DSGVO.<\/p>\n\n\n\n<p>\u200bMein Anliegen im Sinne der DSGVO (berechtigtes Interesse) ist die Verbesserung meines Angebotes und meines Webauftritts. Da mir die Privatsph\u00e4re meiner Websitebesucher wichtig ist, werden die Nutzerdaten pseudonymisiert.<\/p>\n\n\n\n<p>\u200bDie Nutzerdaten werden f\u00fcr die Dauer von 14 Monaten aufbewahrt.\u200b<\/p>\n\n\n\n<p>\u200b<strong>Speicherung pers\u00f6nlicher Daten<\/strong><\/p>\n\n\n\n<p>\u200bPers\u00f6nliche Daten, die Sie uns auf dieser Website elektronisch \u00fcbermitteln, wie zum Beispiel Name, E-Mail-Adresse, Adresse oder andere pers\u00f6nlichen Angaben im Rahmen der \u00dcbermittlung eines Formulars oder Kommentaren im Blog, werden von uns gemeinsam mit dem Zeitpunkt und der IP-Adresse nur zum jeweils angegebenen Zweck verwendet, sicher verwahrt und nicht an Dritte weitergegeben.<\/p>\n\n\n\n<p>\u200bWir nutzen Ihre pers\u00f6nlichen Daten somit nur f\u00fcr die Kommunikation mit jenen Besuchern, die Kontakt ausdr\u00fccklich w\u00fcnschen und f\u00fcr die Abwicklung der auf dieser Webseite angebotenen Dienstleistungen und Produkte. Wir geben Ihre pers\u00f6nlichen Daten ohne Zustimmung nicht weiter, k\u00f6nnen jedoch nicht ausschlie\u00dfen, dass diese Daten beim Vorliegen von rechtswidrigem Verhalten eingesehen werden.<\/p>\n\n\n\n<p>\u200bWenn Sie uns pers\u00f6nliche Daten per E-Mail schicken \u2013 somit abseits dieser Webseite \u2013 k\u00f6nnen wir keine sichere \u00dcbertragung und den Schutz Ihrer Daten garantieren. Wir empfehlen Ihnen, vertrauliche Daten niemals unverschl\u00fcsselt per E-Mail zu \u00fcbermitteln.<\/p>\n\n\n\n<p>Die Rechtsgrundlage besteht nach&nbsp;Artikel 6&nbsp; Absatz 1 a DSGVO&nbsp;(Rechtm\u00e4\u00dfigkeit der Verarbeitung) darin, dass Sie uns die Einwilligung zur Verarbeitung der von Ihnen eingegebenen Daten geben. Sie k\u00f6nnen diesen Einwilligung jederzeit widerrufen \u2013 eine formlose E-Mail reicht aus, Sie finden unsere Kontaktdaten im Impressum.\u200b<\/p>\n\n\n\n<p>\u200b<strong>Rechte laut Datenschutzgrundverordnung<\/strong><\/p>\n\n\n\n<p>\u200bIhnen stehen laut den Bestimmungen der DSGVO und des \u00f6sterreichischen\u00a0Datenschutzgesetzes (DSG)\u00a0grunds\u00e4tzlich die folgende Rechte zu:\u200b<\/p>\n\n\n\n<ul class=\"wp-block-list\"><li>Recht auf Berichtung (Artikel 16 DSGVO)<\/li><li>Recht auf L\u00f6schung (\u201eRecht auf Vergessenwerden\u201c) (Artikel 17 DSGVO)<\/li><li>Recht auf Einschr\u00e4nkung der Verarbeitung (Artikel 18 DSGVO)<\/li><li>Recht auf Benachrichtigung \u2013 Mitteilungspflicht im Zusammenhang mit der Berichtigung oder L\u00f6schung personenbezogener Daten oder der Einschr\u00e4nkung der Verarbeitung (Artikel 19 DSGVO)<\/li><li>Recht auf Daten\u00fcbertragbarkeit (Artikel 20 DSGVO)<\/li><li>Widerspruchsrecht (Artikel 21 DSGVO)<\/li><li>Recht, nicht einer ausschlie\u00dflich auf einer automatisierten Verarbeitung \u2014 einschlie\u00dflich Profiling \u2014 beruhenden Entscheidung unterworfen zu werden (Artikel 22 DSGVO)<\/li><\/ul>\n\n\n\n<p>\u200bWenn Sie glauben, dass die Verarbeitung Ihrer Daten gegen das Datenschutzrecht verst\u00f6\u00dft oder Ihre datenschutzrechtlichen Anspr\u00fcche sonst in einer Weise verletzt worden sind, k\u00f6nnen Sie sich bei der Aufsichtsbeh\u00f6rde beschweren, welche in \u00d6sterreich die Datenschutzbeh\u00f6rde ist, deren Webseite Sie unter\u00a0<a rel=\"noreferrer noopener\" href=\"https:\/\/www.dsb.gv.at\/\" target=\"_blank\">https:\/\/www.dsb.gv.at\/<\/a>\u00a0finden.<\/p>\n","protected":false},"excerpt":{"rendered":"<p>Automatische Datenspeicherung \u200bWenn Sie heutzutage Webseiten besuchen, werden gewisse Informationen automatisch erstellt und gespeichert, so auch auf dieser Webseite. \u200bWenn Sie unsere Webseite so wie jetzt gerade besuchen, speichert unser Webserver (Computer auf dem diese Webseite gespeichert ist) automatisch Daten wie die Adresse (URL) der aufgerufenen Webseite Browser und Browserversion \u2026<\/p>\n<p class=\"continue-reading-button\"> <a class=\"continue-reading-link\" href=\"http:\/\/www.psycho-praxis.com\/cms\/?page_id=331\">Continue reading<i class=\"crycon-right-dir\"><\/i><\/a><\/p>\n","protected":false},"author":1,"featured_media":0,"parent":0,"menu_order":0,"comment_status":"closed","ping_status":"closed","template":"","meta":{"footnotes":""},"class_list":["post-331","page","type-page","status-publish","hentry"],"_links":{"self":[{"href":"http:\/\/www.psycho-praxis.com\/cms\/index.php?rest_route=\/wp\/v2\/pages\/331","targetHints":{"allow":["GET"]}}],"collection":[{"href":"http:\/\/www.psycho-praxis.com\/cms\/index.php?rest_route=\/wp\/v2\/pages"}],"about":[{"href":"http:\/\/www.psycho-praxis.com\/cms\/index.php?rest_route=\/wp\/v2\/types\/page"}],"author":[{"embeddable":true,"href":"http:\/\/www.psycho-praxis.com\/cms\/index.php?rest_route=\/wp\/v2\/users\/1"}],"replies":[{"embeddable":true,"href":"http:\/\/www.psycho-praxis.com\/cms\/index.php?rest_route=%2Fwp%2Fv2%2Fcomments&post=331"}],"version-history":[{"count":1,"href":"http:\/\/www.psycho-praxis.com\/cms\/index.php?rest_route=\/wp\/v2\/pages\/331\/revisions"}],"predecessor-version":[{"id":332,"href":"http:\/\/www.psycho-praxis.com\/cms\/index.php?rest_route=\/wp\/v2\/pages\/331\/revisions\/332"}],"wp:attachment":[{"href":"http:\/\/www.psycho-praxis.com\/cms\/index.php?rest_route=%2Fwp%2Fv2%2Fmedia&parent=331"}],"curies":[{"name":"wp","href":"https:\/\/api.w.org\/{rel}","templated":true}]}}