{"id":5,"date":"2014-11-04T14:56:54","date_gmt":"2014-11-04T12:56:54","guid":{"rendered":"http:\/\/www.psycho-praxis.com\/cms\/?page_id=5"},"modified":"2022-07-12T21:07:00","modified_gmt":"2022-07-12T19:07:00","slug":"willkommen","status":"publish","type":"page","link":"http:\/\/www.psycho-praxis.com\/cms\/","title":{"rendered":"Willkommen"},"content":{"rendered":"<div class=\"content\"><\/div>\n<h1>Willkommen in meiner PSYCHOTHERAPEUTISCHEN PRAXIS<\/h1>\n<div style=\"margin: auto;\">\n<p><img loading=\"lazy\" decoding=\"async\" class=\"wp-image-126 size-medium alignleft\" src=\"http:\/\/www.psycho-praxis.com\/cms\/wp-content\/uploads\/2015\/01\/Gruppe-2016-11a-200x300.jpg\" alt=\"gruppe-2016-11a\" width=\"200\" height=\"300\" srcset=\"http:\/\/www.psycho-praxis.com\/cms\/wp-content\/uploads\/2015\/01\/Gruppe-2016-11a-200x300.jpg 200w, http:\/\/www.psycho-praxis.com\/cms\/wp-content\/uploads\/2015\/01\/Gruppe-2016-11a-768x1152.jpg 768w, http:\/\/www.psycho-praxis.com\/cms\/wp-content\/uploads\/2015\/01\/Gruppe-2016-11a-683x1024.jpg 683w, http:\/\/www.psycho-praxis.com\/cms\/wp-content\/uploads\/2015\/01\/Gruppe-2016-11a-250x375.jpg 250w, http:\/\/www.psycho-praxis.com\/cms\/wp-content\/uploads\/2015\/01\/Gruppe-2016-11a-100x150.jpg 100w, http:\/\/www.psycho-praxis.com\/cms\/wp-content\/uploads\/2015\/01\/Gruppe-2016-11a.jpg 772w\" sizes=\"auto, (max-width: 200px) 100vw, 200px\" \/><\/p>\n<h3>Psychotherapie Koch KG<br \/>\nRobert Koch, MSc, Psychotherapeut<br \/>\nPsychotherapie, Supervision &amp; Coaching<br \/>\nKorneuburg, Hauptplatz 3\/4<\/h3>\n<\/div>\n<div style=\"clear: both;\"><\/div>\n<div align=\"left\">\n<ul>\n<li>Einzel-, Paar-, Familien- &amp; Gruppentherapie<\/li>\n<li>Selbsterfahrung<\/li>\n<li>Moderation<\/li>\n<li>Systemische Aufstellungsarbeit<\/li>\n<li>Coaching f\u00fcr F\u00fchrungskr\u00e4fte<\/li>\n<li>Pferdegest\u00fctztes Coaching, Supervision und Psychotherapie<\/li>\n<li>Pferdegest\u00fctze Traumatherapie<\/li>\n<\/ul>\n<p>Es gelten die allgemein g\u00fcltigen <a href=\"http:\/\/www.psycho-praxis.com\/cms\/?page_id=331\">Datenschutzbestimmungen<\/a>.<\/p>\n<\/div>\n","protected":false},"excerpt":{"rendered":"<p>Willkommen in meiner PSYCHOTHERAPEUTISCHEN PRAXIS Psychotherapie Koch KG Robert Koch, MSc, Psychotherapeut Psychotherapie, Supervision &amp; Coaching Korneuburg, Hauptplatz 3\/4 Einzel-, Paar-, Familien- &amp; Gruppentherapie Selbsterfahrung Moderation Systemische Aufstellungsarbeit Coaching f\u00fcr F\u00fchrungskr\u00e4fte Pferdegest\u00fctztes Coaching, Supervision und Psychotherapie Pferdegest\u00fctze Traumatherapie Es gelten die allgemein g\u00fcltigen Datenschutzbestimmungen.<\/p>\n<p class=\"continue-reading-button\"> <a class=\"continue-reading-link\" href=\"http:\/\/www.psycho-praxis.com\/cms\/\">Continue reading<i class=\"crycon-right-dir\"><\/i><\/a><\/p>\n","protected":false},"author":1,"featured_media":0,"parent":0,"menu_order":0,"comment_status":"closed","ping_status":"closed","template":"","meta":{"footnotes":""},"class_list":["post-5","page","type-page","status-publish","hentry"],"_links":{"self":[{"href":"http:\/\/www.psycho-praxis.com\/cms\/index.php?rest_route=\/wp\/v2\/pages\/5","targetHints":{"allow":["GET"]}}],"collection":[{"href":"http:\/\/www.psycho-praxis.com\/cms\/index.php?rest_route=\/wp\/v2\/pages"}],"about":[{"href":"http:\/\/www.psycho-praxis.com\/cms\/index.php?rest_route=\/wp\/v2\/types\/page"}],"author":[{"embeddable":true,"href":"http:\/\/www.psycho-praxis.com\/cms\/index.php?rest_route=\/wp\/v2\/users\/1"}],"replies":[{"embeddable":true,"href":"http:\/\/www.psycho-praxis.com\/cms\/index.php?rest_route=%2Fwp%2Fv2%2Fcomments&post=5"}],"version-history":[{"count":67,"href":"http:\/\/www.psycho-praxis.com\/cms\/index.php?rest_route=\/wp\/v2\/pages\/5\/revisions"}],"predecessor-version":[{"id":368,"href":"http:\/\/www.psycho-praxis.com\/cms\/index.php?rest_route=\/wp\/v2\/pages\/5\/revisions\/368"}],"wp:attachment":[{"href":"http:\/\/www.psycho-praxis.com\/cms\/index.php?rest_route=%2Fwp%2Fv2%2Fmedia&parent=5"}],"curies":[{"name":"wp","href":"https:\/\/api.w.org\/{rel}","templated":true}]}}