{"id":58,"date":"2016-05-19T16:17:12","date_gmt":"2016-05-19T14:17:12","guid":{"rendered":"http:\/\/www.psycho-praxis.com\/cms\/?page_id=58"},"modified":"2021-05-21T18:34:38","modified_gmt":"2021-05-21T16:34:38","slug":"impressum","status":"publish","type":"page","link":"http:\/\/www.psycho-praxis.com\/cms\/?page_id=58","title":{"rendered":"Impressum"},"content":{"rendered":"<h1>Impressum<\/h1>\n<p>Impressum und Offenlegung gem\u00e4\u00df \u00a7\u00a7 24 und 25 Mediengesetz:<\/p>\n<p>Verantwortlich f\u00fcr alle Inhalte ist:<\/p>\n<p>Psychotherapie \u2013 Koch KG<br \/>\nHauptplatz 3\/4<br \/>\n2100 Korneuburg<\/p>\n<p>F\u00fcr alles, was auf <a href=\"http:\/\/www.psycho-praxis.com\">www.psycho-praxis.com<\/a> ver\u00f6ffentlicht wird, gilt folgender Haftungsausschluss.<\/p>\n<p>Die Nutzung ist gratis.<\/p>\n<p>Es gelten die allgemein g\u00fcltigen <a href=\"http:\/\/www.psycho-praxis.com\/cms\/?page_id=331\">Datenschutzbestimmungen<\/a>.<\/p>\n","protected":false},"excerpt":{"rendered":"<p>Impressum Impressum und Offenlegung gem\u00e4\u00df \u00a7\u00a7 24 und 25 Mediengesetz: Verantwortlich f\u00fcr alle Inhalte ist: Psychotherapie \u2013 Koch KG Hauptplatz 3\/4 2100 Korneuburg F\u00fcr alles, was auf www.psycho-praxis.com ver\u00f6ffentlicht wird, gilt folgender Haftungsausschluss. Die Nutzung ist gratis. Es gelten die allgemein g\u00fcltigen Datenschutzbestimmungen.<\/p>\n<p class=\"continue-reading-button\"> <a class=\"continue-reading-link\" href=\"http:\/\/www.psycho-praxis.com\/cms\/?page_id=58\">Continue reading<i class=\"crycon-right-dir\"><\/i><\/a><\/p>\n","protected":false},"author":1,"featured_media":0,"parent":5,"menu_order":0,"comment_status":"closed","ping_status":"closed","template":"","meta":{"footnotes":""},"class_list":["post-58","page","type-page","status-publish","hentry"],"_links":{"self":[{"href":"http:\/\/www.psycho-praxis.com\/cms\/index.php?rest_route=\/wp\/v2\/pages\/58","targetHints":{"allow":["GET"]}}],"collection":[{"href":"http:\/\/www.psycho-praxis.com\/cms\/index.php?rest_route=\/wp\/v2\/pages"}],"about":[{"href":"http:\/\/www.psycho-praxis.com\/cms\/index.php?rest_route=\/wp\/v2\/types\/page"}],"author":[{"embeddable":true,"href":"http:\/\/www.psycho-praxis.com\/cms\/index.php?rest_route=\/wp\/v2\/users\/1"}],"replies":[{"embeddable":true,"href":"http:\/\/www.psycho-praxis.com\/cms\/index.php?rest_route=%2Fwp%2Fv2%2Fcomments&post=58"}],"version-history":[{"count":5,"href":"http:\/\/www.psycho-praxis.com\/cms\/index.php?rest_route=\/wp\/v2\/pages\/58\/revisions"}],"predecessor-version":[{"id":341,"href":"http:\/\/www.psycho-praxis.com\/cms\/index.php?rest_route=\/wp\/v2\/pages\/58\/revisions\/341"}],"up":[{"embeddable":true,"href":"http:\/\/www.psycho-praxis.com\/cms\/index.php?rest_route=\/wp\/v2\/pages\/5"}],"wp:attachment":[{"href":"http:\/\/www.psycho-praxis.com\/cms\/index.php?rest_route=%2Fwp%2Fv2%2Fmedia&parent=58"}],"curies":[{"name":"wp","href":"https:\/\/api.w.org\/{rel}","templated":true}]}}