{"id":71,"date":"2016-10-11T14:03:18","date_gmt":"2016-10-11T12:03:18","guid":{"rendered":"http:\/\/www.psycho-praxis.com\/cms\/?page_id=71"},"modified":"2024-12-30T15:10:18","modified_gmt":"2024-12-30T14:10:18","slug":"rahmenbedingungen","status":"publish","type":"page","link":"http:\/\/www.psycho-praxis.com\/cms\/?page_id=71","title":{"rendered":"Rahmenbedingungen"},"content":{"rendered":"<h1>Rahmenbedingungen<\/h1>\n<h2>Ziele der Psychotherapie:<\/h2>\n<p>Psychotherapie ist eine praktisch-wissenschaftliche T\u00e4tigkeit, die in der konkreten Beziehung zwischen KlientIn bzw. PatientIn und Psychotherapeuten versucht, psychische (seelische) und psychosomatische Probleme zu heilen oder zu lindern. Sie hilft, innere sowie zwischenmenschliche Konflikte zu bew\u00e4ltigen und verhilft dem Menschen zur Entfaltung seines Potentials und einer angstfreien Existenz. Psychotherapie ist eine medikamentenfreie Behandlung, zumeist vorwiegend im Gespr\u00e4ch. Die Ausbildung erfolgt in gesetzlich dazu befugten Vereinen und dauert zumeist ca. 6 Jahre (Prop\u00e4deutikum, Fachspezifikum).<\/p>\n<h2>Zum Therapieablauf:<\/h2>\n<p>Es wird mit den Mitteln und Methoden der systemischen Therapie an Ihren Ressourcen und L\u00f6sungsm\u00f6glichkeiten gearbeitet. So besteht in Korneuburg die M\u00f6glichkeit, der Arbeit mit einem Einwegspiegel &#8211; dh. der\/die Co-TherpeutIn sitzt in einem anderen Raum und wird dann zur Beratung konsultiert, bzw. bei schwierigen Paar- oder Familiengespr\u00e4chen k\u00f6nnen Familienmitglieder hinter dem Spiegel das Gespr\u00e4ch verfolgen (nat\u00fcrlich nur wenn alle damit einverstanden sind). Dadurch wird eine andere Ebene der Beobachtung eingef\u00fchrt.<\/p>\n<p>Kernpunkte des systemischen Ansatzes sind folgende Annahmen: Obwohl Sie unter einer Not leiden, sind dennoch Ressourcen und St\u00e4rken in Ihnen vorhanden. Diese sind zu finden und f\u00fcr Sie zu nutzen. Gemeinsam werden wir f\u00fcr Sie passende L\u00f6sungen erarbeiten.<\/p>\n<p>Obwohl Sie vielleicht im Moment nicht weiter wissen, sind Sie dennoch ExpertIn f\u00fcr Ihre Lebensm\u00f6glichkeiten. So gilt es, Ihre Kompetenz zu entfalten und zu festigen. Dadurch wird Ihr Gef\u00fchl der Hilflosigkeit schwinden. Ver\u00e4nderungen finden nicht haupts\u00e4chlich in den Sitzungen, sondern in der Zeit dazwischen statt.<\/p>\n<p>So sind die Wechselwirkungen des Einzelnen in gr\u00f6\u00dferen Zusammenh\u00e4ngen (z.B. Beziehung, Familie, Beruf etc.) wichtig. Daher sind in der systemisch orientierten Therapie alle Personen von Belang, die in Ihrem Leben f\u00fcr Sie von Wichtigkeit sind. Diese &#8222;involvierten&#8220; Personen m\u00fcssen jedoch nicht unbedingt selbst in den Therapiesitzungen anwesend sein. Im therapeutischen Gespr\u00e4ch wird versucht, Sichtweisen und Handlungsspielr\u00e4ume zu erweitern.<br \/>\nMehr \u00fcber Systematische Therapie (Quelle \u00d6AS)<\/p>\n<h2>Kosten:<\/h2>\n<p>Kennenlerngespr\u00e4ch (ca. 20 min) kostenlos<br \/>\nEinzeltherapie \u2013 50min \u2013 \u20ac 160,\u2013<br \/>\nPaartherapie\/Familientherapie \u2013 Dauer 75min \u2013 \u20ac 240,\u2013<br \/>\nPaartherapie mit Co-Therapeutin (90 min)\u00a0 \u2013 mit Kollegin in Ausbildung unter Supervision: \u20ac 390,-. Mit Kollegin, die in der Psychotherapieliste eingetragen ist: \u20ac 490,-. (90 min).<br \/>\nSupervision: Kosten nach Vereinbarung ( Mindestsatz 120,&#8211; plus MwSt.\/50min)<br \/>\nCoaching: nach Vereinbarung (Mindestsatz \u20ac 190,\u2013 plus MwSt\/50min)<br \/>\nPferdecoaching \u2013 nach Vereinbarung ( Mindestsatz \u20ac 250,\u2013 plus MwSt\/75min)<\/p>\n<p>Kostenlose Absageregelung: 4 Tage vor dem Termin<\/p>\n<h2>Verpflichtungen des Therapeuten:<\/h2>\n<p>N\u00e4heres entnehmen Sie bitte auch den Informationen des \u00f6sterr. Bundesverbandes f\u00fcr Psychotherapie (<a href=\"http:\/\/www.psychotherapie.at\">http:\/\/www.psychotherapie.at<\/a>).<br \/>\nEin Suchprogramm nach TherapeutInnen finden Sie auf <a href=\"http:\/\/www.psyonline.a\">http:\/\/www.psyonline.at<\/a>.<\/p>\n","protected":false},"excerpt":{"rendered":"<p>Rahmenbedingungen Ziele der Psychotherapie: Psychotherapie ist eine praktisch-wissenschaftliche T\u00e4tigkeit, die in der konkreten Beziehung zwischen KlientIn bzw. PatientIn und Psychotherapeuten versucht, psychische (seelische) und psychosomatische Probleme zu heilen oder zu lindern. Sie hilft, innere sowie zwischenmenschliche Konflikte zu bew\u00e4ltigen und verhilft dem Menschen zur Entfaltung seines Potentials und einer angstfreien \u2026<\/p>\n<p class=\"continue-reading-button\"> <a class=\"continue-reading-link\" href=\"http:\/\/www.psycho-praxis.com\/cms\/?page_id=71\">Continue reading<i class=\"crycon-right-dir\"><\/i><\/a><\/p>\n","protected":false},"author":1,"featured_media":0,"parent":5,"menu_order":0,"comment_status":"closed","ping_status":"closed","template":"","meta":{"footnotes":""},"class_list":["post-71","page","type-page","status-publish","hentry"],"_links":{"self":[{"href":"http:\/\/www.psycho-praxis.com\/cms\/index.php?rest_route=\/wp\/v2\/pages\/71","targetHints":{"allow":["GET"]}}],"collection":[{"href":"http:\/\/www.psycho-praxis.com\/cms\/index.php?rest_route=\/wp\/v2\/pages"}],"about":[{"href":"http:\/\/www.psycho-praxis.com\/cms\/index.php?rest_route=\/wp\/v2\/types\/page"}],"author":[{"embeddable":true,"href":"http:\/\/www.psycho-praxis.com\/cms\/index.php?rest_route=\/wp\/v2\/users\/1"}],"replies":[{"embeddable":true,"href":"http:\/\/www.psycho-praxis.com\/cms\/index.php?rest_route=%2Fwp%2Fv2%2Fcomments&post=71"}],"version-history":[{"count":9,"href":"http:\/\/www.psycho-praxis.com\/cms\/index.php?rest_route=\/wp\/v2\/pages\/71\/revisions"}],"predecessor-version":[{"id":404,"href":"http:\/\/www.psycho-praxis.com\/cms\/index.php?rest_route=\/wp\/v2\/pages\/71\/revisions\/404"}],"up":[{"embeddable":true,"href":"http:\/\/www.psycho-praxis.com\/cms\/index.php?rest_route=\/wp\/v2\/pages\/5"}],"wp:attachment":[{"href":"http:\/\/www.psycho-praxis.com\/cms\/index.php?rest_route=%2Fwp%2Fv2%2Fmedia&parent=71"}],"curies":[{"name":"wp","href":"https:\/\/api.w.org\/{rel}","templated":true}]}}